{"id":573,"date":"2018-02-09T16:31:27","date_gmt":"2018-02-09T15:31:27","guid":{"rendered":"http:\/\/reframedimage.uw.edu.pl\/?page_id=573"},"modified":"2018-07-25T15:23:49","modified_gmt":"2018-07-25T13:23:49","slug":"conference-2018","status":"publish","type":"page","link":"http:\/\/reframedimage.uw.edu.pl\/en\/conference-2018\/","title":{"rendered":"Conference 2018"},"content":{"rendered":"<p style=\"text-align: center\"><a href=\"http:\/\/reframedimage.uw.edu.pl\/wp-content\/uploads\/sites\/274\/2018\/06\/MultipliedModified2018.jpg\"><img loading=\"lazy\" class=\"aligncenter size-large wp-image-694\" src=\"http:\/\/reframedimage.uw.edu.pl\/wp-content\/uploads\/sites\/274\/2018\/06\/MultipliedModified2018-724x1024.jpg\" alt=\"\" width=\"525\" height=\"743\" srcset=\"http:\/\/reframedimage.uw.edu.pl\/wp-content\/uploads\/sites\/274\/2018\/06\/MultipliedModified2018-724x1024.jpg 724w, http:\/\/reframedimage.uw.edu.pl\/wp-content\/uploads\/sites\/274\/2018\/06\/MultipliedModified2018-212x300.jpg 212w, http:\/\/reframedimage.uw.edu.pl\/wp-content\/uploads\/sites\/274\/2018\/06\/MultipliedModified2018-768x1086.jpg 768w, http:\/\/reframedimage.uw.edu.pl\/wp-content\/uploads\/sites\/274\/2018\/06\/MultipliedModified2018.jpg 2000w\" sizes=\"(max-width: 525px) 100vw, 525px\" \/><\/a><\/p>\n<hr \/>\n<p style=\"text-align: center\"><span style=\"font-size: 0.875rem;letter-spacing: 0.14em\"><strong><span style=\"font-family: 'libre franklin', monospace\"><a href=\"http:\/\/reframedimage.uw.edu.pl\/wp-content\/uploads\/sites\/274\/2018\/06\/MultipliedModified2018.pdf\">CONFERENCE PROGRAM PDF<\/a><\/span><\/strong><\/span><br \/>\n<span style=\"font-size: 0.875rem;letter-spacing: 0.14em\"><strong><span style=\"font-family: 'libre franklin', monospace\"><a href=\"http:\/\/reframedimage.uw.edu.pl\/wp-content\/uploads\/sites\/274\/2018\/06\/Abstract-Book-MultipliedModified2018.pdf\">ABSTRACT BOOK PDF<\/a><\/span><\/strong><\/span><\/p>\n<hr \/>\n<p><span style=\"color: #000000\"><em><span style=\"font-family: 'Inconsolata', monospace\">MULTIPLIED AND MODIFIED<br \/>\n<\/span><\/em><\/span><em style=\"color: #000000;font-size: 1rem\"><span style=\"font-family: 'Inconsolata', monospace\">Reception of the Printed Image in the Fifteenth and Sixteenth Centuries<\/span><\/em><\/p>\n<p><span style=\"color: #000000;text-decoration: underline\"><span style=\"font-family: 'Inconsolata', monospace\">International conference\u00a028-29 June 2018<br \/>\n<\/span><\/span><span style=\"color: #000000\"><span style=\"font-family: 'Inconsolata', monospace\">University of Warsaw and the National Museum in Warsaw<\/span><\/span><\/p>\n<p><span style=\"font-family: 'Inconsolata', monospace;color: #000000\">The production of printed image consists of a multiplication of a particular design, whereas the consumption and reception of single impressions often involve various modifications. Multiple, but virtually identical woodcuts or engravings reproduce and thus disseminate the original composition, while at the same time they have lives of their own. They have been placed in various contexts, coloured, trimmed, framed, pasted into books and onto other objects. The place of prints in both visual and material culture of the fifteenth and sixteenth centuries is a continuously growing field in recent scholarship. However, these studies usually focus on the most prominent centres of production situated in Italy, the Low Countries, France and the Empire. The principal aim of the conference <em>Multiplied and Modified. Reception of the Printed Image in the Fifteenth and Sixteenth Centuries<\/em> is to contribute to the research on the beginning and early development of the graphic arts from the perspective of the beholder, while broadening geographically the field of inquiry, i.e. by shifting the emphasis to the regions of Central Europe, the British Isles, the Iberian Peninsula, Dalmatia, as well as considering the reception of the European prints on other continents.<\/span><\/p>\n<hr \/>\n<p><span style=\"font-size: 0.875rem;letter-spacing: 0.14em\"><strong><span style=\"font-family: 'libre franklin', monospace\">THURSDAY, 28 JUNE 2018<\/span><\/strong><\/span><\/p>\n<p><span style=\"font-family: inconsolata, monospace\">venue: National Museum in Warsaw, Cinema MUZ<br \/>\n<a href=\"https:\/\/www.google.pl\/maps\/place\/Aleje+Jerozolimskie+3,+Warszawa\/@52.2315849,21.0225154,17z\/data=!3m1!4b1!4m5!3m4!1s0x471eccf77204a52b:0xc8efdb840683d9c2!8m2!3d52.2315849!4d21.0247041\" target=\"_blank\" rel=\"noopener\">Aleje Jerozolimskie 3<\/a><\/span><\/p>\n<hr \/>\n<p><span style=\"font-family: inconsolata, monospace\">9.00 \u2013 9.30\u2003\u2003Registration<\/span><\/p>\n<p><span style=\"font-family: inconsolata, monospace\">9.30 \u2013 10.00\u2003\u2003Welcome and introduction<\/span><\/p>\n<p style=\"padding-left: 60px\"><span style=\"font-family: inconsolata, monospace\">\u261e\u200210.00 \u2013 11.00\u2003\u2003Keynote Lecture<\/span><\/p>\n<p style=\"padding-left: 60px\"><span style=\"font-family: 'inconsolata', monospace\">Jean Michel Massing (King&#8217;s College, Cambridge):<br \/>\n<\/span><span style=\"font-family: 'inconsolata', monospace\"><strong>Prints and the Beginnings of Global Imagery<br \/>\n<\/strong>(chair: Gra\u017cyna Jurkowlaniec)<\/span><\/p>\n<p><span style=\"font-family: inconsolata, monospace\">Coffee<\/span><\/p>\n<p><span style=\"font-family: inconsolata, monospace\">11.15 \u2013 12.45\u2003\u2003<strong>I: PRODUCTION AND RECEPTION <\/strong>(chair: Ilja M. Veldman)<\/span><\/p>\n<p><span style=\"font-family: 'inconsolata', monospace\">Yvonne Bleyerveld (RDK \u2013 The Netherlands Institute for Art History, The Hague):<br \/>\n<strong>The Print Series by the Early Sixteenth-century Amsterdam Printmaker Jacob Cornelisz van Oostsanen and the Print Publisher Doen Pietersz. An Innovative Product of the Early Sixteenth-century Art Market<\/strong><\/span><\/p>\n<p><span style=\"font-family: 'inconsolata', monospace\">Giuseppe Capriotti (University of Macerata):<br \/>\n<strong>Eroticism under a Watchful Eye. Censorship and Alteration of Xylographs in Ovid\u2019s Metamorphoses between the Fifteenth and the Sixteenth Centuries<\/strong><\/span><\/p>\n<p><span style=\"font-family: 'inconsolata', monospace\">Karolina Mroziewicz (Jagiellonian University, Cracow):<br \/>\n<strong>Limitations of the Reception and Consumption of Illustrations to \u2018Chronica Polonorum\u2019 (Cracow 1521)<\/strong><\/span><\/p>\n<p><span style=\"font-family: inconsolata, monospace\">Lunch<\/span><\/p>\n<p><span style=\"font-family: inconsolata, monospace\">14.00 \u2013 15.30\u2003\u2003<strong>II: GAMES AND ORNAMENTS<\/strong>\u00a0(chair: Marcin Bogusz)<\/span><\/p>\n<p><span style=\"font-family: 'inconsolata', monospace\">Loretta Vandi (Scuola del Libro, Urbino):<br \/>\n<strong>Playing with Destiny: Two Newly Discovered Fifteenth-century Popular Uncut Woodblock Cards from Florence and Urbino<\/strong><\/span><\/p>\n<p><span style=\"font-family: 'inconsolata', monospace\">James Wehn (Case Western Reserve University, Cleveland):<br \/>\n<strong>Cultivating Designs: Early Ornamental Prints and Creative Reproduction<\/strong><\/span><\/p>\n<p><span style=\"font-family: 'inconsolata', monospace\">Femke Speelberg (The Metropolitan Museum of Art, New York):<br \/>\n<strong>A Foreign Affair: Thomas Gemini and his Booklet of Moresque Designs<\/strong><\/span><\/p>\n<p><span style=\"font-family: inconsolata, monospace\">Coffee<\/span><\/p>\n<p><span style=\"font-family: inconsolata, monospace\">16.00 \u2013 17.30\u2003\u2003<strong>III: MATRICES AND DESIGNS<\/strong> (chair: Marek P\u0142uciniczak)<\/span><\/p>\n<p><span style=\"font-family: 'inconsolata', monospace\">Ilaria Andreoli (L\u2019Institut des Textes et Manuscrits Modernes \u2013 Centre National de la Recherche Scientifique,\u00a0Paris;\u00a0Fondazione Giorgio Cini,\u00a0Venice):<br \/>\n<strong>The \u2018Passio veneziana\u2019: from Sheet to Book to Wall<\/strong><\/span><\/p>\n<p><span style=\"font-family: 'inconsolata', monospace\">J\u00falia T\u00e1trai (Sz\u00e9pm\u0171v\u00e9szeti M\u00fazeum, Budapest):<br \/>\n<strong>The Set of Four Elements by Hendrick Goltzius and the Use of the Engravings in the Seventeenth Century<\/strong><\/span><\/p>\n<p><span style=\"font-family: 'inconsolata', monospace\">Ma\u0142gorzata \u0141azicka (The Print Room of the University of Warsaw Library):<br \/>\n<strong>Tradition and Innovation in Sebald Beham\u2019s \u2018Fortuna\u2019 and \u2018Infortunium\u2019<\/strong><\/span><\/p>\n<hr \/>\n<p><span style=\"font-size: 0.875rem;letter-spacing: 0.14em\"><strong><span style=\"font-family: 'libre franklin', monospace\">FRIDAY, 29 JUNE 2018<\/span><\/strong><\/span><\/p>\n<p><span style=\"font-family: inconsolata, monospace\">venue: National Museum in Warsaw, Cinema MUZ<br \/>\n<a href=\"https:\/\/www.google.pl\/maps\/place\/Aleje+Jerozolimskie+3,+Warszawa\/@52.2315849,21.0225154,17z\/data=!3m1!4b1!4m5!3m4!1s0x471eccf77204a52b:0xc8efdb840683d9c2!8m2!3d52.2315849!4d21.0247041\" target=\"_blank\" rel=\"noopener\">Aleje Jerozolimskie 3<\/a><\/span><\/p>\n<hr \/>\n<p style=\"padding-left: 60px\"><span style=\"font-family: inconsolata, monospace\">\u261e\u20029.00 \u2013 10.00\u2003\u2003Keynote Lecture<\/span><\/p>\n<p style=\"padding-left: 60px\"><span style=\"font-family: 'inconsolata', monospace\">Suzanne Karr Schmidt (The Newberry, Chicago):<strong><br \/>\nMultiplicity and Absence: The Negative Evidence of Interactive Prints<br \/>\n<\/strong>(chair: Joanna Sikorska)<\/span><\/p>\n<p><span style=\"font-family: inconsolata, monospace\">Coffee<\/span><\/p>\n<p><span style=\"font-family: inconsolata, monospace\">10.15 \u2013 11.45\u2003\u2003<strong>IV: MANUSCRIPTS AND PRINTED BOOKS\u00a0<\/strong><\/span><span style=\"font-family: inconsolata, monospace\">(chair: Piotr Borusowski) <\/span><\/p>\n<p><span style=\"font-family: 'inconsolata', monospace\">Maureen Warren (Krannert Art Museum; University of Illinois at Urbana-Champaign):<br \/>\n<strong>Print-assisted Paintings: Prints as Underdrawings in the Hardouyn Brothers&#8217; Books of Hours <\/strong><\/span><br \/>\n<span style=\"font-family: 'inconsolata', monospace\"><br \/>\n<\/span><span style=\"font-family: 'inconsolata', monospace\">Olenka Horbatsch (The British Museum, London):<br \/>\n<strong>A \u2018Passion\u2019 for Prints: Netherlandish Engravings in an Early Sixteenth-century Prayer Book<\/strong><\/span><\/p>\n<p><span style=\"font-family: 'inconsolata', monospace\">Carolin Alff (Heidelberg University):<strong><br \/>\n<\/strong><\/span><span style=\"font-family: 'inconsolata', monospace\"><strong>Drawn, Printed and Coloured: The Reception of Reproduced Figures in Sixteenth-Century Costume Books<\/strong><\/span><\/p>\n<p><span style=\"font-family: inconsolata, monospace\">Coffee<\/span><\/p>\n<p><span style=\"font-family: inconsolata, monospace\">12.00 \u2013 13.30\u2003\u2003<strong>V: SCIENCE AND KNOWLEDGE\u00a0<\/strong>(chair: Elizabeth Savage)<\/span><\/p>\n<p><span style=\"font-family: 'inconsolata', monospace\">Rafa\u0142 W\u00f3jcik (University Library, Adam Mickiewicz University, Pozna\u0144):<br \/>\n<strong>Iconography of the Mnemonic Alphabets and Ciphers in the Printed Treatises on the Art of Memory from the Fifteenth and the Beginning of the Sixteenth Centuries<\/strong><\/span><\/p>\n<p><span style=\"font-family: 'inconsolata', monospace\">Jennifer Nelson (School of the Art Institute, Chicago):<br \/>\n<strong>Printed Treatises, Private Lore: The 1558 Holzschuher Inheritance<\/strong><\/span><\/p>\n<p><span style=\"font-family: 'inconsolata', monospace\">D\u00e1niel Marg\u00f3csy (University of Cambridge):<br \/>\n<strong>Vesalius Copied: Pictorially Repeatable Statements in Theory and Practice<\/strong><\/span><\/p>\n<p><span style=\"font-family: inconsolata, monospace\">Lunch<\/span><\/p>\n<p><span style=\"font-family: inconsolata, monospace\">14.30 \u2013 16.00\u2003\u2003<strong>VI: SPEAKING IMAGES AND SILENT IMAGES<\/strong>\u00a0(chair: Magdalena Herman) <\/span><\/p>\n<p><span style=\"font-family: 'inconsolata', monospace\">Alexandra Kocsis (University of Kent, Canterbury):<br \/>\n<strong>Speaking Images and Speaking to the Images: Antonio Lafreri&#8217;s Religious Prints in Counter-Reformation Rome<\/strong><\/span><\/p>\n<p><span style=\"font-family: 'inconsolata', monospace\">Andr\u00e1s Handl (KU Leuven), Alexandra Ida M\u00fctel (University of Bonn):<br \/>\n<strong>A Glimpse into Eternity: The Reception and Transformation of the Bildmotette &#8216;Adoration of God&#8217;s Lamb&#8217; by J. Winghe and J. Sadeler<\/strong><\/span><\/p>\n<p><span style=\"font-family: 'inconsolata', monospace\">Antoni Ziemba (University of Warsaw; National Museum in Warsaw):<br \/>\n<strong>Silent Prints \u2013 Silent Images<\/strong><\/span><span style=\"font-family: 'inconsolata', monospace\"><br \/>\n<\/span><\/p>\n<p><span style=\"font-family: inconsolata, monospace\">Closing remarks<\/span><\/p>\n<hr \/>\n<p>&nbsp;<\/p>\n<p><em><span style=\"color: #000000\"><span style=\"font-family: 'Inconsolata', monospace\">Should you need any further information, please do not hesitate to contact us <\/span><\/span><span style=\"color: #000000\"><span style=\"font-family: 'Inconsolata', monospace;letter-spacing: 1.2px\"><a href=\"mailto:multipliedandmodified@uw.edu.pl\">multipliedandmodified@uw.edu.pl<\/a><\/span><\/span><\/em><\/p>\n<hr \/>\n<p><span style=\"font-family: 'Inconsolata', monospace\"><a href=\"http:\/\/reframedimage.uw.edu.pl\/wp-content\/uploads\/sites\/274\/2017\/11\/CFP_Multiplied-and-Modified.pdf\">CFP PDF<\/a><\/span><\/p>\n","protected":false},"excerpt":{"rendered":"<p>CONFERENCE PROGRAM PDF ABSTRACT BOOK PDF MULTIPLIED AND MODIFIED Reception of the Printed Image in the Fifteenth and Sixteenth Centuries International conference\u00a028-29 June 2018 University of Warsaw and the National Museum in Warsaw The production of printed image consists of a multiplication of a particular design, whereas the consumption and reception of single impressions often &hellip; <\/p>\n<p class=\"link-more\"><a href=\"http:\/\/reframedimage.uw.edu.pl\/en\/conference-2018\/\" class=\"more-link\">Continue reading<span class=\"screen-reader-text\"> &#8220;Conference 2018&#8221;<\/span><\/a><\/p>\n","protected":false},"author":716,"featured_media":0,"parent":0,"menu_order":0,"comment_status":"closed","ping_status":"closed","template":"","meta":{"_links_to":"","_links_to_target":""},"acf":[],"_links":{"self":[{"href":"http:\/\/reframedimage.uw.edu.pl\/en\/wp-json\/wp\/v2\/pages\/573"}],"collection":[{"href":"http:\/\/reframedimage.uw.edu.pl\/en\/wp-json\/wp\/v2\/pages"}],"about":[{"href":"http:\/\/reframedimage.uw.edu.pl\/en\/wp-json\/wp\/v2\/types\/page"}],"author":[{"embeddable":true,"href":"http:\/\/reframedimage.uw.edu.pl\/en\/wp-json\/wp\/v2\/users\/716"}],"replies":[{"embeddable":true,"href":"http:\/\/reframedimage.uw.edu.pl\/en\/wp-json\/wp\/v2\/comments?post=573"}],"version-history":[{"count":60,"href":"http:\/\/reframedimage.uw.edu.pl\/en\/wp-json\/wp\/v2\/pages\/573\/revisions"}],"predecessor-version":[{"id":701,"href":"http:\/\/reframedimage.uw.edu.pl\/en\/wp-json\/wp\/v2\/pages\/573\/revisions\/701"}],"wp:attachment":[{"href":"http:\/\/reframedimage.uw.edu.pl\/en\/wp-json\/wp\/v2\/media?parent=573"}],"curies":[{"name":"wp","href":"https:\/\/api.w.org\/{rel}","templated":true}]}}